{"id":917,"date":"2022-09-06T15:41:19","date_gmt":"2022-09-06T22:41:19","guid":{"rendered":"https:\/\/abacourses.com\/?page_id=917"},"modified":"2023-06-07T08:46:17","modified_gmt":"2023-06-07T15:46:17","slug":"sobre-nosotros","status":"publish","type":"page","link":"https:\/\/abacourses.com\/es\/sobre-nosotros\/","title":{"rendered":"Sobre nosotros"},"content":{"rendered":"\t\t<div data-elementor-type=\"wp-page\" data-elementor-id=\"917\" class=\"elementor elementor-917 elementor-120\" data-elementor-post-type=\"page\">\n\t\t\t\t\t\t<section class=\"elementor-section elementor-top-section elementor-element elementor-element-38e40760 elementor-section-height-min-height elementor-section-boxed elementor-section-height-default elementor-section-items-middle\" data-id=\"38e40760\" data-element_type=\"section\" data-e-type=\"section\" data-settings=\"{&quot;background_background&quot;:&quot;slideshow&quot;,&quot;background_slideshow_gallery&quot;:[{&quot;id&quot;:124,&quot;url&quot;:&quot;http:\\\/\\\/66w.7ed.myftpupload.com\\\/wp-content\\\/uploads\\\/2022\\\/09\\\/Images_About-page-backdrop_light-blue-1-scaled-1.jpg&quot;}],&quot;background_slideshow_loop&quot;:&quot;yes&quot;,&quot;background_slideshow_slide_duration&quot;:5000,&quot;background_slideshow_slide_transition&quot;:&quot;fade&quot;,&quot;background_slideshow_transition_duration&quot;:500}\">\n\t\t\t\t\t\t<div class=\"elementor-container elementor-column-gap-default\">\n\t\t\t\t\t<div class=\"elementor-column elementor-col-50 elementor-top-column elementor-element elementor-element-24fe4cda\" data-id=\"24fe4cda\" data-element_type=\"column\" data-e-type=\"column\">\n\t\t\t<div class=\"elementor-widget-wrap\">\n\t\t\t\t\t\t\t<\/div>\n\t\t<\/div>\n\t\t\t\t<div class=\"elementor-column elementor-col-50 elementor-top-column elementor-element elementor-element-763eb250\" data-id=\"763eb250\" data-element_type=\"column\" data-e-type=\"column\">\n\t\t\t<div class=\"elementor-widget-wrap elementor-element-populated\">\n\t\t\t\t\t\t<div class=\"elementor-element elementor-element-10cc08ac elementor-widget elementor-widget-heading\" data-id=\"10cc08ac\" data-element_type=\"widget\" data-e-type=\"widget\" data-widget_type=\"heading.default\">\n\t\t\t\t<div class=\"elementor-widget-container\">\n\t\t\t\t\t<h2 class=\"elementor-heading-title elementor-size-default\">SOBRE NOSOTROS<\/h2>\t\t\t\t<\/div>\n\t\t\t\t<\/div>\n\t\t\t\t<div class=\"elementor-element elementor-element-22c0ac63 elementor-hidden-mobile elementor-widget elementor-widget-text-editor\" data-id=\"22c0ac63\" data-element_type=\"widget\" data-e-type=\"widget\" data-widget_type=\"text-editor.default\">\n\t\t\t\t<div class=\"elementor-widget-container\">\n\t\t\t\t\t\t\t\t\t<p>ABA Courses es un proveedor autorizado de educaci\u00f3n continua cuya misi\u00f3n es garantizar el acceso a materiales dise\u00f1ados para mejorar la vida de las personas, los padres y los proveedores con los m\u00e9todos probados de An\u00e1lisis de comportamiento aplicado (ABA).<\/p><p>Si tiene preguntas sobre nuestros cursos, visite nuestra <a href=\"https:\/\/abacourses.com\/es\/preguntas-frecuentes\/\">p\u00e1gina de Preguntas frecuentes<\/a>.<\/p>\t\t\t\t\t\t\t\t<\/div>\n\t\t\t\t<\/div>\n\t\t\t\t\t<\/div>\n\t\t<\/div>\n\t\t\t\t\t<\/div>\n\t\t<\/section>\n\t\t\t\t<section class=\"elementor-section elementor-top-section elementor-element elementor-element-4f9b4766 elementor-section-boxed elementor-section-height-default elementor-section-height-default\" data-id=\"4f9b4766\" data-element_type=\"section\" data-e-type=\"section\">\n\t\t\t\t\t\t<div class=\"elementor-container elementor-column-gap-default\">\n\t\t\t\t\t<div class=\"elementor-column elementor-col-100 elementor-top-column elementor-element elementor-element-ebd5195\" data-id=\"ebd5195\" data-element_type=\"column\" data-e-type=\"column\">\n\t\t\t<div class=\"elementor-widget-wrap elementor-element-populated\">\n\t\t\t\t\t\t<div class=\"elementor-element elementor-element-6e3c64cf elementor-hidden-desktop elementor-hidden-tablet elementor-hidden-widescreen elementor-widget elementor-widget-text-editor\" data-id=\"6e3c64cf\" data-element_type=\"widget\" data-e-type=\"widget\" data-widget_type=\"text-editor.default\">\n\t\t\t\t<div class=\"elementor-widget-container\">\n\t\t\t\t\t\t\t\t\t<p>ABA Courses es un proveedor autorizado de educaci\u00f3n continua cuya misi\u00f3n es garantizar el acceso a materiales dise\u00f1ados para mejorar la vida de las personas, los padres y los proveedores con los m\u00e9todos probados de An\u00e1lisis de comportamiento aplicado (ABA).<\/p><p>Si tiene preguntas sobre nuestros cursos, visite nuestra <a href=\"https:\/\/abacourses.com\/es\/preguntas-frecuentes\/\">p\u00e1gina de Preguntas frecuentes<\/a>.<\/p>\t\t\t\t\t\t\t\t<\/div>\n\t\t\t\t<\/div>\n\t\t\t\t<div class=\"elementor-element elementor-element-7816ebac elementor-widget elementor-widget-heading\" data-id=\"7816ebac\" data-element_type=\"widget\" data-e-type=\"widget\" data-widget_type=\"heading.default\">\n\t\t\t\t<div class=\"elementor-widget-container\">\n\t\t\t\t\t<h2 class=\"elementor-heading-title elementor-size-default\">NUESTRO EQUIPO<\/h2>\t\t\t\t<\/div>\n\t\t\t\t<\/div>\n\t\t\t\t<section class=\"elementor-section elementor-inner-section elementor-element elementor-element-55f620cb elementor-section-boxed elementor-section-height-default elementor-section-height-default\" data-id=\"55f620cb\" data-element_type=\"section\" data-e-type=\"section\" data-settings=\"{&quot;background_background&quot;:&quot;classic&quot;}\">\n\t\t\t\t\t\t<div class=\"elementor-container elementor-column-gap-default\">\n\t\t\t\t\t<div class=\"elementor-column elementor-col-100 elementor-inner-column elementor-element elementor-element-d595a7f\" data-id=\"d595a7f\" data-element_type=\"column\" data-e-type=\"column\">\n\t\t\t<div class=\"elementor-widget-wrap elementor-element-populated\">\n\t\t\t\t\t\t<div class=\"elementor-element elementor-element-1832c6f9 elementor-position-left elementor-vertical-align-middle elementor-widget elementor-widget-image-box\" data-id=\"1832c6f9\" data-element_type=\"widget\" data-e-type=\"widget\" data-widget_type=\"image-box.default\">\n\t\t\t\t<div class=\"elementor-widget-container\">\n\t\t\t\t\t<div class=\"elementor-image-box-wrapper\"><figure class=\"elementor-image-box-img\"><img fetchpriority=\"high\" decoding=\"async\" width=\"900\" height=\"600\" src=\"https:\/\/abacourses.com\/wp-content\/uploads\/2022\/09\/Image_BCBA-with-little-boy-playing-with-colored-blocks.jpg\" class=\"attachment-full size-full wp-image-127\" alt=\"\" srcset=\"https:\/\/abacourses.com\/wp-content\/uploads\/2022\/09\/Image_BCBA-with-little-boy-playing-with-colored-blocks.jpg 900w, https:\/\/abacourses.com\/wp-content\/uploads\/2022\/09\/Image_BCBA-with-little-boy-playing-with-colored-blocks-600x400.jpg 600w, https:\/\/abacourses.com\/wp-content\/uploads\/2022\/09\/Image_BCBA-with-little-boy-playing-with-colored-blocks-300x200.jpg 300w, https:\/\/abacourses.com\/wp-content\/uploads\/2022\/09\/Image_BCBA-with-little-boy-playing-with-colored-blocks-768x512.jpg 768w\" sizes=\"(max-width: 900px) 100vw, 900px\" \/><\/figure><div class=\"elementor-image-box-content\"><p class=\"elementor-image-box-description\">Nuestro equipo de profesionales de ABA especializados internacionalmente, incluidos varios analistas de comportamiento certificados por la junta (BCBA) y BCBA-D, a desarrollado y continuar\u00e1 desarrollando la capacitaci\u00f3n para los cursos de ABA.<br><br>\nABA Courses sabe lo que buscan los profesionales y cuidadores. Contribuimos a expandir la calidad de los servicios de An\u00e1lisis de Comportamiento Aplicado en todo el mundo. A trav\u00e9s de nuestra capacitaci\u00f3n ABA exhaustiva y de alta calidad, hacemos posible que las personas en cualquier parte del mundo ahora tengan acceso a esta informaci\u00f3n. Somos el primer desarrollador de RBT en Holand\u00e9s, Ingl\u00e9s, Espa\u00f1ol y Ar\u00e1be.<\/p><\/div><\/div>\t\t\t\t<\/div>\n\t\t\t\t<\/div>\n\t\t\t\t\t<\/div>\n\t\t<\/div>\n\t\t\t\t\t<\/div>\n\t\t<\/section>\n\t\t\t\t\t<\/div>\n\t\t<\/div>\n\t\t\t\t\t<\/div>\n\t\t<\/section>\n\t\t\t\t<section class=\"elementor-section elementor-top-section elementor-element elementor-element-262e7099 elementor-section-boxed elementor-section-height-default elementor-section-height-default\" data-id=\"262e7099\" data-element_type=\"section\" data-e-type=\"section\" data-settings=\"{&quot;background_background&quot;:&quot;classic&quot;}\">\n\t\t\t\t\t\t<div class=\"elementor-container elementor-column-gap-default\">\n\t\t\t\t\t<div class=\"elementor-column elementor-col-50 elementor-top-column elementor-element elementor-element-385e57b8\" data-id=\"385e57b8\" data-element_type=\"column\" data-e-type=\"column\">\n\t\t\t<div class=\"elementor-widget-wrap elementor-element-populated\">\n\t\t\t\t\t\t<div class=\"elementor-element elementor-element-4f8941b7 elementor-widget elementor-widget-heading\" data-id=\"4f8941b7\" data-element_type=\"widget\" data-e-type=\"widget\" data-widget_type=\"heading.default\">\n\t\t\t\t<div class=\"elementor-widget-container\">\n\t\t\t\t\t<h2 class=\"elementor-heading-title elementor-size-default\">VEA LO QUE NUESTROS APRENDICCES TIENEN QUE DECIR<\/h2>\t\t\t\t<\/div>\n\t\t\t\t<\/div>\n\t\t\t\t\t<\/div>\n\t\t<\/div>\n\t\t\t\t<div class=\"elementor-column elementor-col-50 elementor-top-column elementor-element elementor-element-5dd08519\" data-id=\"5dd08519\" data-element_type=\"column\" data-e-type=\"column\">\n\t\t\t<div class=\"elementor-widget-wrap elementor-element-populated\">\n\t\t\t\t\t\t<div class=\"elementor-element elementor-element-4af0db12 elementor-blockquote--skin-boxed elementor-blockquote--align-left elementor-widget elementor-widget-blockquote\" data-id=\"4af0db12\" data-element_type=\"widget\" data-e-type=\"widget\" data-widget_type=\"blockquote.default\">\n\t\t\t\t<div class=\"elementor-widget-container\">\n\t\t\t\t\t\t\t<blockquote class=\"elementor-blockquote\">\n\t\t\t<p class=\"elementor-blockquote__content\">\n\t\t\t\t\"Fue muy f\u00e1cil acceder a la capacitaci\u00f3n RBT de 40 horas y los materiales fueron f\u00e1ciles de entender. El instructor fue muy minucioso y los ex\u00e1menes al final de cada m\u00f3dulo fueron excelentes para prepararse para el examen RBT real\".\t\t\t<\/p>\n\t\t\t\t\t\t\t<div class=\"e-q-footer\">\n\t\t\t\t\t\t\t\t\t\t\t<cite class=\"elementor-blockquote__author\">Adrienne S.<\/cite>\n\t\t\t\t\t\t\t\t\t\t\t\t\t\t<\/div>\n\t\t\t\t\t<\/blockquote>\n\t\t\t\t\t\t<\/div>\n\t\t\t\t<\/div>\n\t\t\t\t\t<\/div>\n\t\t<\/div>\n\t\t\t\t\t<\/div>\n\t\t<\/section>\n\t\t\t\t<section class=\"elementor-section elementor-top-section elementor-element elementor-element-563454e9 elementor-section-boxed elementor-section-height-default elementor-section-height-default\" data-id=\"563454e9\" data-element_type=\"section\" data-e-type=\"section\">\n\t\t\t\t\t\t<div class=\"elementor-container elementor-column-gap-default\">\n\t\t\t\t\t<div class=\"elementor-column elementor-col-100 elementor-top-column elementor-element elementor-element-679b4630\" data-id=\"679b4630\" data-element_type=\"column\" data-e-type=\"column\">\n\t\t\t<div class=\"elementor-widget-wrap elementor-element-populated\">\n\t\t\t\t\t\t<div class=\"elementor-element elementor-element-2bcfba17 elementor-widget elementor-widget-heading\" data-id=\"2bcfba17\" data-element_type=\"widget\" data-e-type=\"widget\" data-widget_type=\"heading.default\">\n\t\t\t\t<div class=\"elementor-widget-container\">\n\t\t\t\t\t<h2 class=\"elementor-heading-title elementor-size-default\">\u00bfListo para comenzar a aprender?<\/h2>\t\t\t\t<\/div>\n\t\t\t\t<\/div>\n\t\t\t\t<div class=\"elementor-element elementor-element-41313c3c elementor-widget elementor-widget-text-editor\" data-id=\"41313c3c\" data-element_type=\"widget\" data-e-type=\"widget\" data-widget_type=\"text-editor.default\">\n\t\t\t\t<div class=\"elementor-widget-container\">\n\t\t\t\t\t\t\t\t\t<p>\u00a1<a href=\"https:\/\/abacourses.com\/es\/#howitworks-es\">Es tan f\u00e1cil como 1-2-3 para comenzar<\/a>! Si no est\u00e1 seguro de qu\u00e9 curso es mejor para usted o si necesita ayuda para registrarse, \u00a1<a href=\"https:\/\/abacourses.com\/es\/contacto\/\">cont\u00e1ctenos<\/a>! Estamos aqu\u00ed para ayudar.<\/p>\t\t\t\t\t\t\t\t<\/div>\n\t\t\t\t<\/div>\n\t\t\t\t\t<\/div>\n\t\t<\/div>\n\t\t\t\t\t<\/div>\n\t\t<\/section>\n\t\t\t\t<\/div>\n\t\t","protected":false},"excerpt":{"rendered":"<p>SOBRE NOSOTROS ABA Courses es un proveedor autorizado de educaci\u00f3n continua cuya misi\u00f3n es garantizar el acceso a materiales dise\u00f1ados para mejorar la vida de las personas, los padres y los proveedores con los m\u00e9todos probados de An\u00e1lisis de comportamiento aplicado (ABA). Si tiene preguntas sobre nuestros cursos, visite nuestra p\u00e1gina de Preguntas frecuentes. ABA [&hellip;]<\/p>\n","protected":false},"author":1,"featured_media":127,"parent":0,"menu_order":4,"comment_status":"closed","ping_status":"closed","template":"elementor_theme","meta":{"_acf_changed":false,"footnotes":""},"class_list":["post-917","page","type-page","status-publish","has-post-thumbnail","hentry"],"acf":[],"yoast_head":"<!-- This site is optimized with the Yoast SEO plugin v27.4 - https:\/\/yoast.com\/product\/yoast-seo-wordpress\/ -->\n<title>Sobre nosotros - ABA Courses<\/title>\n<meta name=\"robots\" content=\"index, follow, max-snippet:-1, max-image-preview:large, max-video-preview:-1\" \/>\n<link rel=\"canonical\" href=\"https:\/\/abacourses.com\/es\/sobre-nosotros\/\" \/>\n<meta property=\"og:locale\" content=\"es_ES\" \/>\n<meta property=\"og:type\" content=\"article\" \/>\n<meta property=\"og:title\" content=\"Sobre nosotros - ABA Courses\" \/>\n<meta property=\"og:description\" content=\"SOBRE NOSOTROS ABA Courses es un proveedor autorizado de educaci\u00f3n continua cuya misi\u00f3n es garantizar el acceso a materiales dise\u00f1ados para mejorar la vida de las personas, los padres y los proveedores con los m\u00e9todos probados de An\u00e1lisis de comportamiento aplicado (ABA). Si tiene preguntas sobre nuestros cursos, visite nuestra p\u00e1gina de Preguntas frecuentes. ABA [&hellip;]\" \/>\n<meta property=\"og:url\" content=\"https:\/\/abacourses.com\/es\/sobre-nosotros\/\" \/>\n<meta property=\"og:site_name\" content=\"ABA Courses\" \/>\n<meta property=\"article:modified_time\" content=\"2023-06-07T15:46:17+00:00\" \/>\n<meta property=\"og:image\" content=\"https:\/\/abacourses.com\/wp-content\/uploads\/2022\/09\/Image_BCBA-with-little-boy-playing-with-colored-blocks.jpg\" \/>\n\t<meta property=\"og:image:width\" content=\"900\" \/>\n\t<meta property=\"og:image:height\" content=\"600\" \/>\n\t<meta property=\"og:image:type\" content=\"image\/jpeg\" \/>\n<meta name=\"twitter:card\" content=\"summary_large_image\" \/>\n<meta name=\"twitter:label1\" content=\"Tiempo de lectura\" \/>\n\t<meta name=\"twitter:data1\" content=\"2 minutos\" \/>\n<script type=\"application\/ld+json\" class=\"yoast-schema-graph\">{\"@context\":\"https:\\\/\\\/schema.org\",\"@graph\":[{\"@type\":\"WebPage\",\"@id\":\"https:\\\/\\\/abacourses.com\\\/es\\\/sobre-nosotros\\\/\",\"url\":\"https:\\\/\\\/abacourses.com\\\/es\\\/sobre-nosotros\\\/\",\"name\":\"Sobre nosotros - ABA Courses\",\"isPartOf\":{\"@id\":\"https:\\\/\\\/abacourses.com\\\/#website\"},\"primaryImageOfPage\":{\"@id\":\"https:\\\/\\\/abacourses.com\\\/es\\\/sobre-nosotros\\\/#primaryimage\"},\"image\":{\"@id\":\"https:\\\/\\\/abacourses.com\\\/es\\\/sobre-nosotros\\\/#primaryimage\"},\"thumbnailUrl\":\"https:\\\/\\\/abacourses.com\\\/wp-content\\\/uploads\\\/2022\\\/09\\\/Image_BCBA-with-little-boy-playing-with-colored-blocks.jpg\",\"datePublished\":\"2022-09-06T22:41:19+00:00\",\"dateModified\":\"2023-06-07T15:46:17+00:00\",\"breadcrumb\":{\"@id\":\"https:\\\/\\\/abacourses.com\\\/es\\\/sobre-nosotros\\\/#breadcrumb\"},\"inLanguage\":\"es\",\"potentialAction\":[{\"@type\":\"ReadAction\",\"target\":[\"https:\\\/\\\/abacourses.com\\\/es\\\/sobre-nosotros\\\/\"]}]},{\"@type\":\"ImageObject\",\"inLanguage\":\"es\",\"@id\":\"https:\\\/\\\/abacourses.com\\\/es\\\/sobre-nosotros\\\/#primaryimage\",\"url\":\"https:\\\/\\\/abacourses.com\\\/wp-content\\\/uploads\\\/2022\\\/09\\\/Image_BCBA-with-little-boy-playing-with-colored-blocks.jpg\",\"contentUrl\":\"https:\\\/\\\/abacourses.com\\\/wp-content\\\/uploads\\\/2022\\\/09\\\/Image_BCBA-with-little-boy-playing-with-colored-blocks.jpg\",\"width\":900,\"height\":600},{\"@type\":\"BreadcrumbList\",\"@id\":\"https:\\\/\\\/abacourses.com\\\/es\\\/sobre-nosotros\\\/#breadcrumb\",\"itemListElement\":[{\"@type\":\"ListItem\",\"position\":1,\"name\":\"Home\",\"item\":\"https:\\\/\\\/abacourses.com\\\/es\\\/\"},{\"@type\":\"ListItem\",\"position\":2,\"name\":\"Sobre nosotros\"}]},{\"@type\":\"WebSite\",\"@id\":\"https:\\\/\\\/abacourses.com\\\/#website\",\"url\":\"https:\\\/\\\/abacourses.com\\\/\",\"name\":\"ABA Courses\",\"description\":\"\",\"publisher\":{\"@id\":\"https:\\\/\\\/abacourses.com\\\/#organization\"},\"potentialAction\":[{\"@type\":\"SearchAction\",\"target\":{\"@type\":\"EntryPoint\",\"urlTemplate\":\"https:\\\/\\\/abacourses.com\\\/?s={search_term_string}\"},\"query-input\":{\"@type\":\"PropertyValueSpecification\",\"valueRequired\":true,\"valueName\":\"search_term_string\"}}],\"inLanguage\":\"es\"},{\"@type\":\"Organization\",\"@id\":\"https:\\\/\\\/abacourses.com\\\/#organization\",\"name\":\"ABA courses\",\"url\":\"https:\\\/\\\/abacourses.com\\\/\",\"logo\":{\"@type\":\"ImageObject\",\"inLanguage\":\"es\",\"@id\":\"https:\\\/\\\/abacourses.com\\\/#\\\/schema\\\/logo\\\/image\\\/\",\"url\":\"https:\\\/\\\/abacourses.com\\\/wp-content\\\/uploads\\\/2022\\\/09\\\/Logo_ABA-Courses_square.jpg?time=1704898546\",\"contentUrl\":\"https:\\\/\\\/abacourses.com\\\/wp-content\\\/uploads\\\/2022\\\/09\\\/Logo_ABA-Courses_square.jpg?time=1704898546\",\"width\":300,\"height\":300,\"caption\":\"ABA courses\"},\"image\":{\"@id\":\"https:\\\/\\\/abacourses.com\\\/#\\\/schema\\\/logo\\\/image\\\/\"}}]}<\/script>\n<!-- \/ Yoast SEO plugin. -->","yoast_head_json":{"title":"Sobre nosotros - ABA Courses","robots":{"index":"index","follow":"follow","max-snippet":"max-snippet:-1","max-image-preview":"max-image-preview:large","max-video-preview":"max-video-preview:-1"},"canonical":"https:\/\/abacourses.com\/es\/sobre-nosotros\/","og_locale":"es_ES","og_type":"article","og_title":"Sobre nosotros - ABA Courses","og_description":"SOBRE NOSOTROS ABA Courses es un proveedor autorizado de educaci\u00f3n continua cuya misi\u00f3n es garantizar el acceso a materiales dise\u00f1ados para mejorar la vida de las personas, los padres y los proveedores con los m\u00e9todos probados de An\u00e1lisis de comportamiento aplicado (ABA). Si tiene preguntas sobre nuestros cursos, visite nuestra p\u00e1gina de Preguntas frecuentes. ABA [&hellip;]","og_url":"https:\/\/abacourses.com\/es\/sobre-nosotros\/","og_site_name":"ABA Courses","article_modified_time":"2023-06-07T15:46:17+00:00","og_image":[{"width":900,"height":600,"url":"https:\/\/abacourses.com\/wp-content\/uploads\/2022\/09\/Image_BCBA-with-little-boy-playing-with-colored-blocks.jpg","type":"image\/jpeg"}],"twitter_card":"summary_large_image","twitter_misc":{"Tiempo de lectura":"2 minutos"},"schema":{"@context":"https:\/\/schema.org","@graph":[{"@type":"WebPage","@id":"https:\/\/abacourses.com\/es\/sobre-nosotros\/","url":"https:\/\/abacourses.com\/es\/sobre-nosotros\/","name":"Sobre nosotros - ABA Courses","isPartOf":{"@id":"https:\/\/abacourses.com\/#website"},"primaryImageOfPage":{"@id":"https:\/\/abacourses.com\/es\/sobre-nosotros\/#primaryimage"},"image":{"@id":"https:\/\/abacourses.com\/es\/sobre-nosotros\/#primaryimage"},"thumbnailUrl":"https:\/\/abacourses.com\/wp-content\/uploads\/2022\/09\/Image_BCBA-with-little-boy-playing-with-colored-blocks.jpg","datePublished":"2022-09-06T22:41:19+00:00","dateModified":"2023-06-07T15:46:17+00:00","breadcrumb":{"@id":"https:\/\/abacourses.com\/es\/sobre-nosotros\/#breadcrumb"},"inLanguage":"es","potentialAction":[{"@type":"ReadAction","target":["https:\/\/abacourses.com\/es\/sobre-nosotros\/"]}]},{"@type":"ImageObject","inLanguage":"es","@id":"https:\/\/abacourses.com\/es\/sobre-nosotros\/#primaryimage","url":"https:\/\/abacourses.com\/wp-content\/uploads\/2022\/09\/Image_BCBA-with-little-boy-playing-with-colored-blocks.jpg","contentUrl":"https:\/\/abacourses.com\/wp-content\/uploads\/2022\/09\/Image_BCBA-with-little-boy-playing-with-colored-blocks.jpg","width":900,"height":600},{"@type":"BreadcrumbList","@id":"https:\/\/abacourses.com\/es\/sobre-nosotros\/#breadcrumb","itemListElement":[{"@type":"ListItem","position":1,"name":"Home","item":"https:\/\/abacourses.com\/es\/"},{"@type":"ListItem","position":2,"name":"Sobre nosotros"}]},{"@type":"WebSite","@id":"https:\/\/abacourses.com\/#website","url":"https:\/\/abacourses.com\/","name":"ABA Courses","description":"","publisher":{"@id":"https:\/\/abacourses.com\/#organization"},"potentialAction":[{"@type":"SearchAction","target":{"@type":"EntryPoint","urlTemplate":"https:\/\/abacourses.com\/?s={search_term_string}"},"query-input":{"@type":"PropertyValueSpecification","valueRequired":true,"valueName":"search_term_string"}}],"inLanguage":"es"},{"@type":"Organization","@id":"https:\/\/abacourses.com\/#organization","name":"ABA courses","url":"https:\/\/abacourses.com\/","logo":{"@type":"ImageObject","inLanguage":"es","@id":"https:\/\/abacourses.com\/#\/schema\/logo\/image\/","url":"https:\/\/abacourses.com\/wp-content\/uploads\/2022\/09\/Logo_ABA-Courses_square.jpg?time=1704898546","contentUrl":"https:\/\/abacourses.com\/wp-content\/uploads\/2022\/09\/Logo_ABA-Courses_square.jpg?time=1704898546","width":300,"height":300,"caption":"ABA courses"},"image":{"@id":"https:\/\/abacourses.com\/#\/schema\/logo\/image\/"}}]}},"_links":{"self":[{"href":"https:\/\/abacourses.com\/es\/wp-json\/wp\/v2\/pages\/917","targetHints":{"allow":["GET"]}}],"collection":[{"href":"https:\/\/abacourses.com\/es\/wp-json\/wp\/v2\/pages"}],"about":[{"href":"https:\/\/abacourses.com\/es\/wp-json\/wp\/v2\/types\/page"}],"author":[{"embeddable":true,"href":"https:\/\/abacourses.com\/es\/wp-json\/wp\/v2\/users\/1"}],"replies":[{"embeddable":true,"href":"https:\/\/abacourses.com\/es\/wp-json\/wp\/v2\/comments?post=917"}],"version-history":[{"count":0,"href":"https:\/\/abacourses.com\/es\/wp-json\/wp\/v2\/pages\/917\/revisions"}],"wp:featuredmedia":[{"embeddable":true,"href":"https:\/\/abacourses.com\/es\/wp-json\/wp\/v2\/media\/127"}],"wp:attachment":[{"href":"https:\/\/abacourses.com\/es\/wp-json\/wp\/v2\/media?parent=917"}],"curies":[{"name":"wp","href":"https:\/\/api.w.org\/{rel}","templated":true}]}}