{"id":992,"date":"2022-09-02T16:38:18","date_gmt":"2022-09-02T23:38:18","guid":{"rendered":"https:\/\/abacourses.com\/?page_id=992"},"modified":"2022-09-14T19:36:52","modified_gmt":"2022-09-15T02:36:52","slug":"politica-de-privacidad","status":"publish","type":"page","link":"https:\/\/abacourses.com\/es\/politica-de-privacidad\/","title":{"rendered":"Pol\u00edtica de privacidad"},"content":{"rendered":"\t\t<div data-elementor-type=\"wp-page\" data-elementor-id=\"992\" class=\"elementor elementor-992 elementor-3\" data-elementor-post-type=\"page\">\n\t\t\t\t\t\t<section class=\"elementor-section elementor-top-section elementor-element elementor-element-ab3ec82 elementor-section-boxed elementor-section-height-default elementor-section-height-default\" data-id=\"ab3ec82\" data-element_type=\"section\" data-e-type=\"section\">\n\t\t\t\t\t\t<div class=\"elementor-container elementor-column-gap-default\">\n\t\t\t\t\t<div class=\"elementor-column elementor-col-100 elementor-top-column elementor-element elementor-element-300eb948\" data-id=\"300eb948\" data-element_type=\"column\" data-e-type=\"column\">\n\t\t\t<div class=\"elementor-widget-wrap elementor-element-populated\">\n\t\t\t\t\t\t<div class=\"elementor-element elementor-element-4507908 elementor-widget elementor-widget-heading\" data-id=\"4507908\" data-element_type=\"widget\" data-e-type=\"widget\" data-widget_type=\"heading.default\">\n\t\t\t\t<div class=\"elementor-widget-container\">\n\t\t\t\t\t<h2 class=\"elementor-heading-title elementor-size-default\">Pol\u00edtica de privacidad<\/h2>\t\t\t\t<\/div>\n\t\t\t\t<\/div>\n\t\t\t\t<div class=\"elementor-element elementor-element-47a4499b elementor-widget elementor-widget-text-editor\" data-id=\"47a4499b\" data-element_type=\"widget\" data-e-type=\"widget\" data-widget_type=\"text-editor.default\">\n\t\t\t\t<div class=\"elementor-widget-container\">\n\t\t\t\t\t\t\t\t\t<p>Esta Pol\u00edtica de Privacidad rige la forma en que <strong>ABA Courses<\/strong> recopila, utiliza, mantiene y divulga la informaci\u00f3n recopilada de los usuarios (cada uno, un \u00abUsuario\u00bb) del \u00a0sitio web <strong>de https:\/\/abacourses.com<\/strong> (\u00abSitio\u00bb). Esta pol\u00edtica de privacidad se aplica al Sitio y su uso; no hay productos o servicios vendidos directamente en este Sitio, pero este sitio enlaza a una empresa afiliada donde los usuarios pueden comprar cursos en l\u00ednea. El uso de este Sitio y el env\u00edo de cualquier informaci\u00f3n de identificaci\u00f3n personal a trav\u00e9s de este Sitio no constituye el establecimiento de una \u00a0relaci\u00f3n comercial, personal, cliente o proveedor.<\/p><p><strong>Informaci\u00f3n de identificaci\u00f3n personal<\/strong><\/p><p>Podemos recopilar informaci\u00f3n de identificaci\u00f3n personal de los Usuarios de varias maneras, incluyendo, pero no limitado a, cuando los Usuarios visitan nuestro sitio, se registran para cursos, completan y env\u00edan un formulario de contacto o encuesta, se suscriben al bolet\u00edn informativo y en relaci\u00f3n con otras actividades, servicios, caracter\u00edsticas o recursos que ponemos a disposici\u00f3n en nuestro Sitio. A los usuarios se les puede pedir, seg\u00fan corresponda, nombre, direcci\u00f3n de correo electr\u00f3nico, direcci\u00f3n postal, n\u00famero de tel\u00e9fono, y pueden optar por dejar un mensaje que se utilizar\u00e1 como informaci\u00f3n para optimizar su experiencia con el Sitio.<\/p><p>Los usuarios pueden, sin embargo, visitar nuestro Sitio de forma an\u00f3nima.<\/p><p>Recopilaremos informaci\u00f3n de identificaci\u00f3n personal de los Usuarios solo si nos env\u00edan voluntariamente dicha informaci\u00f3n. Los usuarios siempre pueden negarse a proporcionar informaci\u00f3n de identificaci\u00f3n personal, excepto que puede impedirles participar en ciertas actividades relacionadas con el Sitio.<\/p><p><strong>Informaci\u00f3n de identificaci\u00f3n no personal<\/strong><\/p><p>Este Sitio utiliza Google Analytics. Podemos recopilar informaci\u00f3n de identificaci\u00f3n no personal sobre los Usuarios cada vez que interact\u00faan con nuestro Sitio. La informaci\u00f3n de identificaci\u00f3n no personal puede incluir el nombre del navegador, el tipo de computadora e informaci\u00f3n t\u00e9cnica sobre los medios de conexi\u00f3n de los Usuarios a nuestro Sitio, como el sistema operativo, la ubicaci\u00f3n geogr\u00e1fica general y los proveedores de servicios de Internet utilizados y otra informaci\u00f3n similar.<\/p><p><strong>Cookies del navegador web<\/strong><\/p><p>Nuestro Sitio puede utilizar \u00abcookies\u00bb para mejorar la experiencia del Usuario. El navegador web del usuario coloca cookies en su disco duro con fines de mantenimiento de registros y, a veces, para rastrear informaci\u00f3n sobre ellos. El usuario puede optar por configurar su navegador web para que rechace las cookies o para que le avise cuando se env\u00eden cookies. Si lo hacen, tenga en cuenta que algunas partes del Sitio pueden no funcionar correctamente.<\/p><p><strong>Pagos<\/strong><\/p><p>Aceptamos pagos con tarjeta de cr\u00e9dito. Al procesar los pagos, algunos de sus datos se transmitir\u00e1n a su banco, incluida la informaci\u00f3n necesaria para procesar o respaldar el pago, como el total de la compra y la informaci\u00f3n de facturaci\u00f3n.<\/p><p><strong>C\u00f3mo utilizamos la informaci\u00f3n recopilada<\/strong><\/p><p><strong>ABA Courses<\/strong> recopila y utiliza la informaci\u00f3n personal de los Usuarios para los siguientes fines:<\/p><ul><li>Para mejorar el servicio al cliente<\/li><li>Su informaci\u00f3n nos ayuda a responder de manera m\u00e1s efectiva a sus solicitudes de servicio al cliente y necesidades de soporte.<\/li><li>Para personalizar la experiencia del usuario<\/li><li>Podemos usar informaci\u00f3n en conjunto para comprender c\u00f3mo nuestros Usuarios como grupo utilizan los servicios y recursos proporcionados en nuestro Sitio.<\/li><li>Para procesar transacciones<\/li><li>Podemos utilizar la informaci\u00f3n que los Usuarios proporcionan sobre s\u00ed mismos cuando preguntan sobre los servicios solo para proporcionar una comunicaci\u00f3n de seguimiento \u00f3ptima. No compartimos esta informaci\u00f3n con terceros.<\/li><li>Para enviar correos electr\u00f3nicos peri\u00f3dicos que se pueden excluir en cualquier momento.<\/li><\/ul><p>La direcci\u00f3n de correo electr\u00f3nico que los Usuarios proporcionan para los cursos en l\u00ednea, solo se utilizar\u00e1 para enviarles informaci\u00f3n y actualizaciones relacionadas con el trabajo y el estado de su curso. Tambi\u00e9n se puede utilizar para responder a sus consultas y \/ u otras solicitudes o preguntas. Si el Usuario decide suscribirse a nuestra lista de correo, recibir\u00e1 correos electr\u00f3nicos que pueden incluir noticias de la empresa, actualizaciones, informaci\u00f3n relacionada con productos o servicios, etc. Si en alg\u00fan momento el Usuario desea darse de baja de la recepci\u00f3n de futuros correos electr\u00f3nicos, incluimos instrucciones detalladas para darse de baja en la parte inferior de cada correo electr\u00f3nico o el Usuario puede contactarnos a trav\u00e9s de nuestro Sitio.<\/p><p><strong>C\u00f3mo protegemos su informaci\u00f3n<\/strong><\/p><p>Adoptamos pr\u00e1cticas apropiadas de recopilaci\u00f3n, almacenamiento y procesamiento de datos y medidas de seguridad para proteger contra el acceso no autorizado, la alteraci\u00f3n, la divulgaci\u00f3n o la destrucci\u00f3n de su informaci\u00f3n personal, nombre de usuario, contrase\u00f1a, informaci\u00f3n de transacciones y datos almacenados en nuestro Sitio.<\/p><p>El intercambio de datos confidenciales y privados entre el Sitio y sus Usuarios se realiza a trav\u00e9s de un canal de comunicaci\u00f3n seguro SSL y est\u00e1 encriptado y protegido con firmas digitales.<\/p><p><strong>Compartir su informaci\u00f3n personal<\/strong><\/p><p>No vendemos, intercambiamos ni alquilamos la informaci\u00f3n de identificaci\u00f3n personal de los Usuarios a otros. Podemos compartir informaci\u00f3n demogr\u00e1fica agregada gen\u00e9rica no vinculada a ninguna informaci\u00f3n de identificaci\u00f3n personal con respecto a los visitantes y usuarios con nuestros socios comerciales, afiliados de confianza y anunciantes para los fines descritos anteriormente. Podemos utilizar proveedores de servicios externos para ayudarnos a operar nuestro negocio y el Sitio o administrar actividades en nuestro nombre, como el env\u00edo de boletines informativos o encuestas. Podemos compartir su informaci\u00f3n con estos terceros para esos fines limitados siempre que nos haya dado su permiso.<\/p><p><strong>Sitios web de terceros<\/strong><\/p><p>Los usuarios pueden encontrar publicidad u otro contenido en nuestro Sitio que enlace a los sitios y servicios de nuestros socios, proveedores, anunciantes, patrocinadores, licenciantes y otros terceros. No controlamos el contenido o los enlaces que aparecen en estos sitios y no somos responsables de las pr\u00e1cticas empleadas por los sitios web vinculados a o desde nuestro Sitio. Adem\u00e1s, estos sitios o servicios, incluido su contenido y enlaces, pueden estar cambiando constantemente. Estos sitios y servicios pueden tener sus propias pol\u00edticas de privacidad y pol\u00edticas de servicio al cliente. La navegaci\u00f3n y la interacci\u00f3n en cualquier otro sitio web, incluidos los sitios web que tienen un enlace a nuestro Sitio, est\u00e1n sujetos a los propios t\u00e9rminos y pol\u00edticas de ese sitio web.<\/p><p><strong>Cambios en esta pol\u00edtica de privacidad<\/strong><\/p><p><strong>ABA Courses<\/strong> tiene la discreci\u00f3n de actualizar esta pol\u00edtica de privacidad en cualquier momento. Cuando lo hagamos, publicaremos una notificaci\u00f3n en la p\u00e1gina principal de nuestro Sitio, revisaremos la fecha de actualizaci\u00f3n en la parte inferior de esta p\u00e1gina, le enviaremos un correo electr\u00f3nico. Alentamos a los Usuarios a que revisen con frecuencia esta p\u00e1gina para ver si hay cambios para mantenerse informados sobre c\u00f3mo estamos ayudando a proteger la informaci\u00f3n personal que recopilamos. Usted reconoce y acepta que es su responsabilidad revisar esta pol\u00edtica de privacidad peri\u00f3dicamente y estar al tanto de las modificaciones.<\/p><p><strong>Su aceptaci\u00f3n de estos t\u00e9rminos<\/strong><\/p><p>Al utilizar este Sitio, usted significa su aceptaci\u00f3n de esta pol\u00edtica y t\u00e9rminos de servicio. Si no est\u00e1 de acuerdo con esta pol\u00edtica, no utilice nuestro Sitio. Su uso continuado del Sitio despu\u00e9s de la publicaci\u00f3n de los cambios a esta pol\u00edtica se considerar\u00e1 su aceptaci\u00f3n de dichos cambios.<\/p><p><strong>Contactando con nosotros<\/strong><\/p><p>Si tiene alguna pregunta sobre esta Pol\u00edtica de privacidad, las pr\u00e1cticas de este sitio o sus relaciones con este sitio, cont\u00e1ctenos en:<\/p><p><strong>Cursos ABA<\/strong><br \/>https:\/\/abacourses.com<br \/>(702) 530-5683 <br \/>info@abacourses.com<\/p>\t\t\t\t\t\t\t\t<\/div>\n\t\t\t\t<\/div>\n\t\t\t\t\t<\/div>\n\t\t<\/div>\n\t\t\t\t\t<\/div>\n\t\t<\/section>\n\t\t\t\t<\/div>\n\t\t","protected":false},"excerpt":{"rendered":"<p>Pol\u00edtica de privacidad Esta Pol\u00edtica de Privacidad rige la forma en que ABA Courses recopila, utiliza, mantiene y divulga la informaci\u00f3n recopilada de los usuarios (cada uno, un \u00abUsuario\u00bb) del \u00a0sitio web de https:\/\/abacourses.com (\u00abSitio\u00bb). Esta pol\u00edtica de privacidad se aplica al Sitio y su uso; no hay productos o servicios vendidos directamente en este [&hellip;]<\/p>\n","protected":false},"author":1,"featured_media":0,"parent":0,"menu_order":50,"comment_status":"closed","ping_status":"closed","template":"elementor_theme","meta":{"_acf_changed":false,"footnotes":""},"class_list":["post-992","page","type-page","status-publish","hentry"],"acf":[],"yoast_head":"<!-- This site is optimized with the Yoast SEO plugin v27.4 - https:\/\/yoast.com\/product\/yoast-seo-wordpress\/ -->\n<title>Pol\u00edtica de privacidad - ABA Courses<\/title>\n<meta name=\"robots\" content=\"index, follow, max-snippet:-1, max-image-preview:large, max-video-preview:-1\" \/>\n<link rel=\"canonical\" href=\"https:\/\/abacourses.com\/es\/politica-de-privacidad\/\" \/>\n<meta property=\"og:locale\" content=\"es_ES\" \/>\n<meta property=\"og:type\" content=\"article\" \/>\n<meta property=\"og:title\" content=\"Pol\u00edtica de privacidad - ABA Courses\" \/>\n<meta property=\"og:description\" content=\"Pol\u00edtica de privacidad Esta Pol\u00edtica de Privacidad rige la forma en que ABA Courses recopila, utiliza, mantiene y divulga la informaci\u00f3n recopilada de los usuarios (cada uno, un \u00abUsuario\u00bb) del \u00a0sitio web de https:\/\/abacourses.com (\u00abSitio\u00bb). Esta pol\u00edtica de privacidad se aplica al Sitio y su uso; no hay productos o servicios vendidos directamente en este [&hellip;]\" \/>\n<meta property=\"og:url\" content=\"https:\/\/abacourses.com\/es\/politica-de-privacidad\/\" \/>\n<meta property=\"og:site_name\" content=\"ABA Courses\" \/>\n<meta property=\"article:modified_time\" content=\"2022-09-15T02:36:52+00:00\" \/>\n<meta property=\"og:image\" content=\"https:\/\/abacourses.com\/wp-content\/uploads\/2024\/01\/attachments_HjorrfG5w0AE8atQl7R0kapFeCcKF0diuQKNS7yn-scaled-1.jpg\" \/>\n\t<meta property=\"og:image:width\" content=\"2560\" \/>\n\t<meta property=\"og:image:height\" content=\"1707\" \/>\n\t<meta property=\"og:image:type\" content=\"image\/jpeg\" \/>\n<meta name=\"twitter:card\" content=\"summary_large_image\" \/>\n<meta name=\"twitter:label1\" content=\"Tiempo de lectura\" \/>\n\t<meta name=\"twitter:data1\" content=\"7 minutos\" \/>\n<script type=\"application\/ld+json\" class=\"yoast-schema-graph\">{\"@context\":\"https:\\\/\\\/schema.org\",\"@graph\":[{\"@type\":\"WebPage\",\"@id\":\"https:\\\/\\\/abacourses.com\\\/es\\\/politica-de-privacidad\\\/\",\"url\":\"https:\\\/\\\/abacourses.com\\\/es\\\/politica-de-privacidad\\\/\",\"name\":\"Pol\u00edtica de privacidad - ABA Courses\",\"isPartOf\":{\"@id\":\"https:\\\/\\\/abacourses.com\\\/#website\"},\"datePublished\":\"2022-09-02T23:38:18+00:00\",\"dateModified\":\"2022-09-15T02:36:52+00:00\",\"breadcrumb\":{\"@id\":\"https:\\\/\\\/abacourses.com\\\/es\\\/politica-de-privacidad\\\/#breadcrumb\"},\"inLanguage\":\"es\",\"potentialAction\":[{\"@type\":\"ReadAction\",\"target\":[\"https:\\\/\\\/abacourses.com\\\/es\\\/politica-de-privacidad\\\/\"]}]},{\"@type\":\"BreadcrumbList\",\"@id\":\"https:\\\/\\\/abacourses.com\\\/es\\\/politica-de-privacidad\\\/#breadcrumb\",\"itemListElement\":[{\"@type\":\"ListItem\",\"position\":1,\"name\":\"Home\",\"item\":\"https:\\\/\\\/abacourses.com\\\/es\\\/\"},{\"@type\":\"ListItem\",\"position\":2,\"name\":\"Pol\u00edtica de privacidad\"}]},{\"@type\":\"WebSite\",\"@id\":\"https:\\\/\\\/abacourses.com\\\/#website\",\"url\":\"https:\\\/\\\/abacourses.com\\\/\",\"name\":\"ABA Courses\",\"description\":\"\",\"publisher\":{\"@id\":\"https:\\\/\\\/abacourses.com\\\/#organization\"},\"potentialAction\":[{\"@type\":\"SearchAction\",\"target\":{\"@type\":\"EntryPoint\",\"urlTemplate\":\"https:\\\/\\\/abacourses.com\\\/?s={search_term_string}\"},\"query-input\":{\"@type\":\"PropertyValueSpecification\",\"valueRequired\":true,\"valueName\":\"search_term_string\"}}],\"inLanguage\":\"es\"},{\"@type\":\"Organization\",\"@id\":\"https:\\\/\\\/abacourses.com\\\/#organization\",\"name\":\"ABA courses\",\"url\":\"https:\\\/\\\/abacourses.com\\\/\",\"logo\":{\"@type\":\"ImageObject\",\"inLanguage\":\"es\",\"@id\":\"https:\\\/\\\/abacourses.com\\\/#\\\/schema\\\/logo\\\/image\\\/\",\"url\":\"https:\\\/\\\/abacourses.com\\\/wp-content\\\/uploads\\\/2022\\\/09\\\/Logo_ABA-Courses_square.jpg?time=1704898546\",\"contentUrl\":\"https:\\\/\\\/abacourses.com\\\/wp-content\\\/uploads\\\/2022\\\/09\\\/Logo_ABA-Courses_square.jpg?time=1704898546\",\"width\":300,\"height\":300,\"caption\":\"ABA courses\"},\"image\":{\"@id\":\"https:\\\/\\\/abacourses.com\\\/#\\\/schema\\\/logo\\\/image\\\/\"}}]}<\/script>\n<!-- \/ Yoast SEO plugin. -->","yoast_head_json":{"title":"Pol\u00edtica de privacidad - ABA Courses","robots":{"index":"index","follow":"follow","max-snippet":"max-snippet:-1","max-image-preview":"max-image-preview:large","max-video-preview":"max-video-preview:-1"},"canonical":"https:\/\/abacourses.com\/es\/politica-de-privacidad\/","og_locale":"es_ES","og_type":"article","og_title":"Pol\u00edtica de privacidad - ABA Courses","og_description":"Pol\u00edtica de privacidad Esta Pol\u00edtica de Privacidad rige la forma en que ABA Courses recopila, utiliza, mantiene y divulga la informaci\u00f3n recopilada de los usuarios (cada uno, un \u00abUsuario\u00bb) del \u00a0sitio web de https:\/\/abacourses.com (\u00abSitio\u00bb). Esta pol\u00edtica de privacidad se aplica al Sitio y su uso; no hay productos o servicios vendidos directamente en este [&hellip;]","og_url":"https:\/\/abacourses.com\/es\/politica-de-privacidad\/","og_site_name":"ABA Courses","article_modified_time":"2022-09-15T02:36:52+00:00","og_image":[{"width":2560,"height":1707,"url":"https:\/\/abacourses.com\/wp-content\/uploads\/2024\/01\/attachments_HjorrfG5w0AE8atQl7R0kapFeCcKF0diuQKNS7yn-scaled-1.jpg","type":"image\/jpeg"}],"twitter_card":"summary_large_image","twitter_misc":{"Tiempo de lectura":"7 minutos"},"schema":{"@context":"https:\/\/schema.org","@graph":[{"@type":"WebPage","@id":"https:\/\/abacourses.com\/es\/politica-de-privacidad\/","url":"https:\/\/abacourses.com\/es\/politica-de-privacidad\/","name":"Pol\u00edtica de privacidad - ABA Courses","isPartOf":{"@id":"https:\/\/abacourses.com\/#website"},"datePublished":"2022-09-02T23:38:18+00:00","dateModified":"2022-09-15T02:36:52+00:00","breadcrumb":{"@id":"https:\/\/abacourses.com\/es\/politica-de-privacidad\/#breadcrumb"},"inLanguage":"es","potentialAction":[{"@type":"ReadAction","target":["https:\/\/abacourses.com\/es\/politica-de-privacidad\/"]}]},{"@type":"BreadcrumbList","@id":"https:\/\/abacourses.com\/es\/politica-de-privacidad\/#breadcrumb","itemListElement":[{"@type":"ListItem","position":1,"name":"Home","item":"https:\/\/abacourses.com\/es\/"},{"@type":"ListItem","position":2,"name":"Pol\u00edtica de privacidad"}]},{"@type":"WebSite","@id":"https:\/\/abacourses.com\/#website","url":"https:\/\/abacourses.com\/","name":"ABA Courses","description":"","publisher":{"@id":"https:\/\/abacourses.com\/#organization"},"potentialAction":[{"@type":"SearchAction","target":{"@type":"EntryPoint","urlTemplate":"https:\/\/abacourses.com\/?s={search_term_string}"},"query-input":{"@type":"PropertyValueSpecification","valueRequired":true,"valueName":"search_term_string"}}],"inLanguage":"es"},{"@type":"Organization","@id":"https:\/\/abacourses.com\/#organization","name":"ABA courses","url":"https:\/\/abacourses.com\/","logo":{"@type":"ImageObject","inLanguage":"es","@id":"https:\/\/abacourses.com\/#\/schema\/logo\/image\/","url":"https:\/\/abacourses.com\/wp-content\/uploads\/2022\/09\/Logo_ABA-Courses_square.jpg?time=1704898546","contentUrl":"https:\/\/abacourses.com\/wp-content\/uploads\/2022\/09\/Logo_ABA-Courses_square.jpg?time=1704898546","width":300,"height":300,"caption":"ABA courses"},"image":{"@id":"https:\/\/abacourses.com\/#\/schema\/logo\/image\/"}}]}},"_links":{"self":[{"href":"https:\/\/abacourses.com\/es\/wp-json\/wp\/v2\/pages\/992","targetHints":{"allow":["GET"]}}],"collection":[{"href":"https:\/\/abacourses.com\/es\/wp-json\/wp\/v2\/pages"}],"about":[{"href":"https:\/\/abacourses.com\/es\/wp-json\/wp\/v2\/types\/page"}],"author":[{"embeddable":true,"href":"https:\/\/abacourses.com\/es\/wp-json\/wp\/v2\/users\/1"}],"replies":[{"embeddable":true,"href":"https:\/\/abacourses.com\/es\/wp-json\/wp\/v2\/comments?post=992"}],"version-history":[{"count":0,"href":"https:\/\/abacourses.com\/es\/wp-json\/wp\/v2\/pages\/992\/revisions"}],"wp:attachment":[{"href":"https:\/\/abacourses.com\/es\/wp-json\/wp\/v2\/media?parent=992"}],"curies":[{"name":"wp","href":"https:\/\/api.w.org\/{rel}","templated":true}]}}