{"id":997,"date":"2022-09-14T02:33:59","date_gmt":"2022-09-14T09:33:59","guid":{"rendered":"https:\/\/abacourses.com\/?page_id=997"},"modified":"2022-09-14T19:29:44","modified_gmt":"2022-09-15T02:29:44","slug":"politica-de-cookies","status":"publish","type":"page","link":"https:\/\/abacourses.com\/es\/politica-de-cookies\/","title":{"rendered":"Pol\u00edtica de cookies"},"content":{"rendered":"\t\t<div data-elementor-type=\"wp-page\" data-elementor-id=\"997\" class=\"elementor elementor-997 elementor-743\" data-elementor-post-type=\"page\">\n\t\t\t\t\t\t<section class=\"elementor-section elementor-top-section elementor-element elementor-element-4ebdd4d elementor-section-boxed elementor-section-height-default elementor-section-height-default\" data-id=\"4ebdd4d\" data-element_type=\"section\" data-e-type=\"section\">\n\t\t\t\t\t\t<div class=\"elementor-container elementor-column-gap-default\">\n\t\t\t\t\t<div class=\"elementor-column elementor-col-100 elementor-top-column elementor-element elementor-element-68fc7ec\" data-id=\"68fc7ec\" data-element_type=\"column\" data-e-type=\"column\">\n\t\t\t<div class=\"elementor-widget-wrap elementor-element-populated\">\n\t\t\t\t\t\t<div class=\"elementor-element elementor-element-203377d elementor-widget elementor-widget-heading\" data-id=\"203377d\" data-element_type=\"widget\" data-e-type=\"widget\" data-widget_type=\"heading.default\">\n\t\t\t\t<div class=\"elementor-widget-container\">\n\t\t\t\t\t<h2 class=\"elementor-heading-title elementor-size-default\">Pol\u00edtica de cookies<\/h2>\t\t\t\t<\/div>\n\t\t\t\t<\/div>\n\t\t\t\t<div class=\"elementor-element elementor-element-206009f elementor-widget elementor-widget-text-editor\" data-id=\"206009f\" data-element_type=\"widget\" data-e-type=\"widget\" data-widget_type=\"text-editor.default\">\n\t\t\t\t<div class=\"elementor-widget-container\">\n\t\t\t\t\t\t\t\t\t<p>Esta Pol\u00edtica de cookies se actualiz\u00f3 por \u00faltima vez el 14 de septiembre de 2022 y se aplica a los ciudadanos y residentes permanentes legales del Espacio Econ\u00f3mico Europeo y Suiza<\/p><p><b>1. Introducci\u00f3n<\/b><\/p><p>Nuestro sitio web, https:\/\/abacourses.com (en adelante: \u00abel sitio web\u00bb) utiliza cookies y otras tecnolog\u00edas relacionadas (para mayor comodidad, todas las tecnolog\u00edas se denominan \u00abcookies\u00bb). Las cookies tambi\u00e9n son colocadas por terceros que hemos contratado. En el siguiente documento le informamos sobre el uso de cookies en nuestro sitio web.<\/p><p><b>2. \u00bfQu\u00e9 son las cookies?<\/b><\/p><p>Una cookie es un peque\u00f1o archivo simple que se env\u00eda junto con las p\u00e1ginas de este sitio web y se almacena por su navegador en el disco duro de su computadora u otro dispositivo. La informaci\u00f3n almacenada en el mismo puede ser devuelta a nuestros servidores o a los servidores de los terceros relevantes durante una visita posterior.<\/p><p><b>3. \u00bfQu\u00e9 son los scripts?<\/b><\/p><p>Un script es una pieza de c\u00f3digo de programa que se utiliza para hacer que nuestro sitio web funcione correctamente e interactivamente. Este c\u00f3digo se ejecuta en nuestro servidor o en su dispositivo.<\/p><p><b>4. \u00bfQu\u00e9 es una baliza web?<\/b><\/p><p>Una baliza web (o una etiqueta de p\u00edxel) es una peque\u00f1a pieza invisible de texto o imagen en un sitio web que se utiliza para monitorear el tr\u00e1fico en un sitio web. Para hacer esto, varios datos sobre usted se almacenan utilizando balizas web.<\/p><p><b>5. Cookies<\/b><\/p><p><b>5.1 Cookies t\u00e9cnicas o funcionales<\/b><\/p><p>Algunas cookies aseguran que ciertas partes del sitio web funcionen correctamente y que sus preferencias de usuario permanezcan conocidas. Al colocar cookies funcionales, le facilitamos la visita a nuestro sitio web. De esta manera, no es necesario que ingrese repetidamente la misma informaci\u00f3n al visitar nuestro sitio web y, por ejemplo, los art\u00edculos permanecen en su carrito de compras hasta que haya pagado. Podemos colocar estas cookies sin su consentimiento.<\/p><p><b>5.2 Cookies estad\u00edsticas<\/b><\/p><p>Utilizamos cookies estad\u00edsticas para optimizar la experiencia del sitio web para nuestros usuarios. Con estas cookies estad\u00edsticas obtenemos informaci\u00f3n sobre el uso de nuestro sitio web.\u00a0Le pedimos permiso para colocar cookies de estad\u00edsticas.<\/p><p><b>5.3 Cookies de marketing\/seguimiento<\/b><\/p><p>Las cookies de marketing \/ seguimiento son cookies o cualquier otra forma de almacenamiento local, utilizadas para crear perfiles de usuario para mostrar publicidad o para rastrear al usuario en este sitio web o en varios sitios web con fines de marketing similares.<\/p><p><b>6. Cookies colocadas<\/b><\/p><p><b>7. Consentimiento<\/b><\/p><p>Cuando visite nuestro sitio web por primera vez, le mostraremos una ventana emergente con una explicaci\u00f3n sobre las cookies. Tan pronto como haga clic en \u00abGuardar preferencias\u00bb, acepta que utilicemos las categor\u00edas de cookies y complementos que seleccion\u00f3 en la ventana emergente, como se describe en esta Pol\u00edtica de cookies. Puede desactivar el uso de cookies a trav\u00e9s de su navegador, pero tenga en cuenta que es posible que nuestro sitio web ya no funcione correctamente.<\/p><p><b>7.1 Administrar su configuraci\u00f3n de consentimiento<\/b><\/p><p>FuncionalTomilmente activo<\/p><p>El almacenamiento o acceso t\u00e9cnico es estrictamente necesario para el prop\u00f3sito leg\u00edtimo de permitir el uso de un servicio espec\u00edfico solicitado expl\u00edcitamente por el suscriptor o usuario, o con el \u00fanico prop\u00f3sito de llevar a cabo la transmisi\u00f3n de una comunicaci\u00f3n a trav\u00e9s de una red de comunicaciones electr\u00f3nicas.<\/p><p>Estad\u00edstica<\/p><p>El almacenamiento o acceso t\u00e9cnico que se utiliza exclusivamente con fines estad\u00edsticos.<\/p><p>Marketing<\/p><p>El almacenamiento t\u00e9cnico o el acceso son necesarios para crear perfiles de usuario para enviar publicidad, o para rastrear al usuario en un sitio web o en varios sitios web con fines de marketing similares.<\/p><p><b>8. Habilitaci\u00f3n\/desactivaci\u00f3n y eliminaci\u00f3n de cookies<\/b><\/p><p>Puede utilizar su navegador de Internet para eliminar cookies de forma autom\u00e1tica o manual. Tambi\u00e9n puede especificar que ciertas cookies no se pueden colocar. Otra opci\u00f3n es cambiar la configuraci\u00f3n de su navegador de Internet para que reciba un mensaje cada vez que se coloca una cookie. Para obtener m\u00e1s informaci\u00f3n sobre estas opciones, consulte las instrucciones de la secci\u00f3n Ayuda de su navegador.<\/p><p>Tenga en cuenta que nuestro sitio web puede no funcionar correctamente si todas las cookies est\u00e1n deshabilitadas. Si elimina las cookies en su navegador, se colocar\u00e1n nuevamente despu\u00e9s de su consentimiento cuando vuelva a visitar nuestros sitios web.<\/p><p><b>9. Sus derechos con respecto a los datos personales<\/b><\/p><p>Usted tiene los siguientes derechos con respecto a sus datos personales:<\/p><p>Tiene derecho a saber por qu\u00e9 se necesitan sus datos personales, qu\u00e9 suceder\u00e1 con ellos y durante cu\u00e1nto tiempo se conservar\u00e1n.<br \/>Derecho de acceso: Tiene derecho a acceder a sus datos personales que conocemos.<br \/>Derecho de rectificaci\u00f3n: tiene derecho a complementar, corregir, haber eliminado o bloqueado sus datos personales cuando lo desee.<br \/>Si nos da su consentimiento para procesar sus datos, tiene derecho a revocar ese consentimiento y a que se eliminen sus datos personales.<br \/>Derecho a transferir sus datos: tiene derecho a solicitar todos sus datos personales al controlador y transferirlos en su totalidad a otro controlador.<br \/>Derecho de oposici\u00f3n: puede oponerse al tratamiento de sus datos. Cumplimos con esto, a menos que haya motivos justificados para el procesamiento.<br \/>Para ejercer estos derechos, p\u00f3ngase en contacto con nosotros. Consulte los datos de contacto en la parte inferior de esta Pol\u00edtica de cookies. Si tiene una queja sobre c\u00f3mo manejamos sus datos, nos gustar\u00eda saber de usted, pero tambi\u00e9n tiene derecho a presentar una queja ante la autoridad supervisora (la Autoridad de Protecci\u00f3n de Datos).<\/p><p>1<b>0. Datos de contacto<\/b><\/p><p>Para preguntas y \/o comentarios sobre nuestra Pol\u00edtica de cookies y esta declaraci\u00f3n, p\u00f3ngase en contacto con nosotros utilizando los siguientes datos de contacto:<\/p><p>Cursos ABA<\/p><p>Sitio web: https:\/\/abacourses.com<br \/>Correo electr\u00f3nico: info@abacourses.com<br \/><span style=\"color: var( --e-global-color-text ); font-family: var( --e-global-typography-text-font-family ), Sans-serif; font-size: var( --e-global-typography-text-font-size ); font-weight: var( --e-global-typography-text-font-weight );\">Telefono: (702) 530-5683<\/span><\/p><p>Esta Pol\u00edtica de Cookies se sincroniz\u00f3 con cookiedatabase.org el 13 de septiembre de 2022<\/p><p>\u00a0<\/p>\t\t\t\t\t\t\t\t<\/div>\n\t\t\t\t<\/div>\n\t\t\t\t\t<\/div>\n\t\t<\/div>\n\t\t\t\t\t<\/div>\n\t\t<\/section>\n\t\t\t\t<\/div>\n\t\t","protected":false},"excerpt":{"rendered":"<p>Pol\u00edtica de cookies Esta Pol\u00edtica de cookies se actualiz\u00f3 por \u00faltima vez el 14 de septiembre de 2022 y se aplica a los ciudadanos y residentes permanentes legales del Espacio Econ\u00f3mico Europeo y Suiza 1. Introducci\u00f3n Nuestro sitio web, https:\/\/abacourses.com (en adelante: \u00abel sitio web\u00bb) utiliza cookies y otras tecnolog\u00edas relacionadas (para mayor comodidad, todas [&hellip;]<\/p>\n","protected":false},"author":1,"featured_media":0,"parent":0,"menu_order":50,"comment_status":"closed","ping_status":"closed","template":"elementor_theme","meta":{"_acf_changed":false,"footnotes":""},"class_list":["post-997","page","type-page","status-publish","hentry"],"acf":[],"yoast_head":"<!-- This site is optimized with the Yoast SEO plugin v27.3 - https:\/\/yoast.com\/product\/yoast-seo-wordpress\/ -->\n<title>Pol\u00edtica de cookies - ABA Courses<\/title>\n<meta name=\"robots\" content=\"index, follow, max-snippet:-1, max-image-preview:large, max-video-preview:-1\" \/>\n<link rel=\"canonical\" href=\"https:\/\/abacourses.com\/es\/politica-de-cookies\/\" \/>\n<meta property=\"og:locale\" content=\"es_ES\" \/>\n<meta property=\"og:type\" content=\"article\" \/>\n<meta property=\"og:title\" content=\"Pol\u00edtica de cookies - ABA Courses\" \/>\n<meta property=\"og:description\" content=\"Pol\u00edtica de cookies Esta Pol\u00edtica de cookies se actualiz\u00f3 por \u00faltima vez el 14 de septiembre de 2022 y se aplica a los ciudadanos y residentes permanentes legales del Espacio Econ\u00f3mico Europeo y Suiza 1. Introducci\u00f3n Nuestro sitio web, https:\/\/abacourses.com (en adelante: \u00abel sitio web\u00bb) utiliza cookies y otras tecnolog\u00edas relacionadas (para mayor comodidad, todas [&hellip;]\" \/>\n<meta property=\"og:url\" content=\"https:\/\/abacourses.com\/es\/politica-de-cookies\/\" \/>\n<meta property=\"og:site_name\" content=\"ABA Courses\" \/>\n<meta property=\"article:modified_time\" content=\"2022-09-15T02:29:44+00:00\" \/>\n<meta property=\"og:image\" content=\"https:\/\/abacourses.com\/wp-content\/uploads\/2024\/01\/attachments_HjorrfG5w0AE8atQl7R0kapFeCcKF0diuQKNS7yn-scaled-1.jpg\" \/>\n\t<meta property=\"og:image:width\" content=\"2560\" \/>\n\t<meta property=\"og:image:height\" content=\"1707\" \/>\n\t<meta property=\"og:image:type\" content=\"image\/jpeg\" \/>\n<meta name=\"twitter:card\" content=\"summary_large_image\" \/>\n<meta name=\"twitter:label1\" content=\"Tiempo de lectura\" \/>\n\t<meta name=\"twitter:data1\" content=\"5 minutos\" \/>\n<script type=\"application\/ld+json\" class=\"yoast-schema-graph\">{\"@context\":\"https:\\\/\\\/schema.org\",\"@graph\":[{\"@type\":\"WebPage\",\"@id\":\"https:\\\/\\\/abacourses.com\\\/es\\\/politica-de-cookies\\\/\",\"url\":\"https:\\\/\\\/abacourses.com\\\/es\\\/politica-de-cookies\\\/\",\"name\":\"Pol\u00edtica de cookies - ABA Courses\",\"isPartOf\":{\"@id\":\"https:\\\/\\\/abacourses.com\\\/#website\"},\"datePublished\":\"2022-09-14T09:33:59+00:00\",\"dateModified\":\"2022-09-15T02:29:44+00:00\",\"breadcrumb\":{\"@id\":\"https:\\\/\\\/abacourses.com\\\/es\\\/politica-de-cookies\\\/#breadcrumb\"},\"inLanguage\":\"es\",\"potentialAction\":[{\"@type\":\"ReadAction\",\"target\":[\"https:\\\/\\\/abacourses.com\\\/es\\\/politica-de-cookies\\\/\"]}]},{\"@type\":\"BreadcrumbList\",\"@id\":\"https:\\\/\\\/abacourses.com\\\/es\\\/politica-de-cookies\\\/#breadcrumb\",\"itemListElement\":[{\"@type\":\"ListItem\",\"position\":1,\"name\":\"Home\",\"item\":\"https:\\\/\\\/abacourses.com\\\/es\\\/\"},{\"@type\":\"ListItem\",\"position\":2,\"name\":\"Pol\u00edtica de cookies\"}]},{\"@type\":\"WebSite\",\"@id\":\"https:\\\/\\\/abacourses.com\\\/#website\",\"url\":\"https:\\\/\\\/abacourses.com\\\/\",\"name\":\"ABA Courses\",\"description\":\"\",\"publisher\":{\"@id\":\"https:\\\/\\\/abacourses.com\\\/#organization\"},\"potentialAction\":[{\"@type\":\"SearchAction\",\"target\":{\"@type\":\"EntryPoint\",\"urlTemplate\":\"https:\\\/\\\/abacourses.com\\\/?s={search_term_string}\"},\"query-input\":{\"@type\":\"PropertyValueSpecification\",\"valueRequired\":true,\"valueName\":\"search_term_string\"}}],\"inLanguage\":\"es\"},{\"@type\":\"Organization\",\"@id\":\"https:\\\/\\\/abacourses.com\\\/#organization\",\"name\":\"ABA courses\",\"url\":\"https:\\\/\\\/abacourses.com\\\/\",\"logo\":{\"@type\":\"ImageObject\",\"inLanguage\":\"es\",\"@id\":\"https:\\\/\\\/abacourses.com\\\/#\\\/schema\\\/logo\\\/image\\\/\",\"url\":\"https:\\\/\\\/abacourses.com\\\/wp-content\\\/uploads\\\/2022\\\/09\\\/Logo_ABA-Courses_square.jpg?time=1704898546\",\"contentUrl\":\"https:\\\/\\\/abacourses.com\\\/wp-content\\\/uploads\\\/2022\\\/09\\\/Logo_ABA-Courses_square.jpg?time=1704898546\",\"width\":300,\"height\":300,\"caption\":\"ABA courses\"},\"image\":{\"@id\":\"https:\\\/\\\/abacourses.com\\\/#\\\/schema\\\/logo\\\/image\\\/\"}}]}<\/script>\n<!-- \/ Yoast SEO plugin. -->","yoast_head_json":{"title":"Pol\u00edtica de cookies - ABA Courses","robots":{"index":"index","follow":"follow","max-snippet":"max-snippet:-1","max-image-preview":"max-image-preview:large","max-video-preview":"max-video-preview:-1"},"canonical":"https:\/\/abacourses.com\/es\/politica-de-cookies\/","og_locale":"es_ES","og_type":"article","og_title":"Pol\u00edtica de cookies - ABA Courses","og_description":"Pol\u00edtica de cookies Esta Pol\u00edtica de cookies se actualiz\u00f3 por \u00faltima vez el 14 de septiembre de 2022 y se aplica a los ciudadanos y residentes permanentes legales del Espacio Econ\u00f3mico Europeo y Suiza 1. Introducci\u00f3n Nuestro sitio web, https:\/\/abacourses.com (en adelante: \u00abel sitio web\u00bb) utiliza cookies y otras tecnolog\u00edas relacionadas (para mayor comodidad, todas [&hellip;]","og_url":"https:\/\/abacourses.com\/es\/politica-de-cookies\/","og_site_name":"ABA Courses","article_modified_time":"2022-09-15T02:29:44+00:00","og_image":[{"width":2560,"height":1707,"url":"https:\/\/abacourses.com\/wp-content\/uploads\/2024\/01\/attachments_HjorrfG5w0AE8atQl7R0kapFeCcKF0diuQKNS7yn-scaled-1.jpg","type":"image\/jpeg"}],"twitter_card":"summary_large_image","twitter_misc":{"Tiempo de lectura":"5 minutos"},"schema":{"@context":"https:\/\/schema.org","@graph":[{"@type":"WebPage","@id":"https:\/\/abacourses.com\/es\/politica-de-cookies\/","url":"https:\/\/abacourses.com\/es\/politica-de-cookies\/","name":"Pol\u00edtica de cookies - ABA Courses","isPartOf":{"@id":"https:\/\/abacourses.com\/#website"},"datePublished":"2022-09-14T09:33:59+00:00","dateModified":"2022-09-15T02:29:44+00:00","breadcrumb":{"@id":"https:\/\/abacourses.com\/es\/politica-de-cookies\/#breadcrumb"},"inLanguage":"es","potentialAction":[{"@type":"ReadAction","target":["https:\/\/abacourses.com\/es\/politica-de-cookies\/"]}]},{"@type":"BreadcrumbList","@id":"https:\/\/abacourses.com\/es\/politica-de-cookies\/#breadcrumb","itemListElement":[{"@type":"ListItem","position":1,"name":"Home","item":"https:\/\/abacourses.com\/es\/"},{"@type":"ListItem","position":2,"name":"Pol\u00edtica de cookies"}]},{"@type":"WebSite","@id":"https:\/\/abacourses.com\/#website","url":"https:\/\/abacourses.com\/","name":"ABA Courses","description":"","publisher":{"@id":"https:\/\/abacourses.com\/#organization"},"potentialAction":[{"@type":"SearchAction","target":{"@type":"EntryPoint","urlTemplate":"https:\/\/abacourses.com\/?s={search_term_string}"},"query-input":{"@type":"PropertyValueSpecification","valueRequired":true,"valueName":"search_term_string"}}],"inLanguage":"es"},{"@type":"Organization","@id":"https:\/\/abacourses.com\/#organization","name":"ABA courses","url":"https:\/\/abacourses.com\/","logo":{"@type":"ImageObject","inLanguage":"es","@id":"https:\/\/abacourses.com\/#\/schema\/logo\/image\/","url":"https:\/\/abacourses.com\/wp-content\/uploads\/2022\/09\/Logo_ABA-Courses_square.jpg?time=1704898546","contentUrl":"https:\/\/abacourses.com\/wp-content\/uploads\/2022\/09\/Logo_ABA-Courses_square.jpg?time=1704898546","width":300,"height":300,"caption":"ABA courses"},"image":{"@id":"https:\/\/abacourses.com\/#\/schema\/logo\/image\/"}}]}},"_links":{"self":[{"href":"https:\/\/abacourses.com\/es\/wp-json\/wp\/v2\/pages\/997","targetHints":{"allow":["GET"]}}],"collection":[{"href":"https:\/\/abacourses.com\/es\/wp-json\/wp\/v2\/pages"}],"about":[{"href":"https:\/\/abacourses.com\/es\/wp-json\/wp\/v2\/types\/page"}],"author":[{"embeddable":true,"href":"https:\/\/abacourses.com\/es\/wp-json\/wp\/v2\/users\/1"}],"replies":[{"embeddable":true,"href":"https:\/\/abacourses.com\/es\/wp-json\/wp\/v2\/comments?post=997"}],"version-history":[{"count":0,"href":"https:\/\/abacourses.com\/es\/wp-json\/wp\/v2\/pages\/997\/revisions"}],"wp:attachment":[{"href":"https:\/\/abacourses.com\/es\/wp-json\/wp\/v2\/media?parent=997"}],"curies":[{"name":"wp","href":"https:\/\/api.w.org\/{rel}","templated":true}]}}