{"id":4107,"date":"2024-02-15T03:30:27","date_gmt":"2024-02-15T11:30:27","guid":{"rendered":"https:\/\/abacourses.com\/product\/error-de-correccion\/"},"modified":"2024-02-15T03:30:27","modified_gmt":"2024-02-15T11:30:27","slug":"error-de-correccion","status":"publish","type":"product","link":"https:\/\/abacourses.com\/es\/producto\/error-de-correccion\/","title":{"rendered":"Error de correcci\u00f3n"},"content":{"rendered":"<p>Una estrategia tan eficaz para estimular y ense\u00f1ar las habilidades. Aprenda c\u00f3mo hacer esto.<\/p>\n","protected":false},"excerpt":{"rendered":"<p>Una estrategia tan eficaz para estimular y ense\u00f1ar las habilidades. Aprenda c\u00f3mo hacer esto.<\/p>\n","protected":false},"featured_media":3564,"template":"","meta":{"_acf_changed":false},"product_brand":[],"product_cat":[444],"product_tag":[],"class_list":{"0":"post-4107","1":"product","2":"type-product","3":"status-publish","4":"has-post-thumbnail","6":"product_cat-cursos","8":"first","9":"instock","10":"downloadable","11":"shipping-taxable","12":"purchasable","13":"product-type-simple"},"acf":[],"yoast_head":"<!-- This site is optimized with the Yoast SEO plugin v27.3 - https:\/\/yoast.com\/product\/yoast-seo-wordpress\/ -->\n<title>Error de correcci\u00f3n - ABA Courses<\/title>\n<meta name=\"robots\" content=\"index, follow, max-snippet:-1, max-image-preview:large, max-video-preview:-1\" \/>\n<link rel=\"canonical\" href=\"https:\/\/abacourses.com\/es\/producto\/error-de-correccion\/\" \/>\n<meta property=\"og:locale\" content=\"es_ES\" \/>\n<meta property=\"og:type\" content=\"article\" \/>\n<meta property=\"og:title\" content=\"Error de correcci\u00f3n - ABA Courses\" \/>\n<meta property=\"og:description\" content=\"Una estrategia tan eficaz para estimular y ense\u00f1ar las habilidades. Aprenda c\u00f3mo hacer esto.\" \/>\n<meta property=\"og:url\" content=\"https:\/\/abacourses.com\/es\/producto\/error-de-correccion\/\" \/>\n<meta property=\"og:site_name\" content=\"ABA Courses\" \/>\n<meta property=\"og:image\" content=\"https:\/\/abacourses.com\/wp-content\/uploads\/2023\/07\/pexels-kampus-production-7854075.jpg\" \/>\n\t<meta property=\"og:image:width\" content=\"640\" \/>\n\t<meta property=\"og:image:height\" content=\"427\" \/>\n\t<meta property=\"og:image:type\" content=\"image\/jpeg\" \/>\n<meta name=\"twitter:card\" content=\"summary_large_image\" \/>\n<script type=\"application\/ld+json\" class=\"yoast-schema-graph\">{\"@context\":\"https:\\\/\\\/schema.org\",\"@graph\":[{\"@type\":\"WebPage\",\"@id\":\"https:\\\/\\\/abacourses.com\\\/es\\\/producto\\\/error-de-correccion\\\/\",\"url\":\"https:\\\/\\\/abacourses.com\\\/es\\\/producto\\\/error-de-correccion\\\/\",\"name\":\"Error de correcci\u00f3n - ABA Courses\",\"isPartOf\":{\"@id\":\"https:\\\/\\\/abacourses.com\\\/#website\"},\"primaryImageOfPage\":{\"@id\":\"https:\\\/\\\/abacourses.com\\\/es\\\/producto\\\/error-de-correccion\\\/#primaryimage\"},\"image\":{\"@id\":\"https:\\\/\\\/abacourses.com\\\/es\\\/producto\\\/error-de-correccion\\\/#primaryimage\"},\"thumbnailUrl\":\"https:\\\/\\\/abacourses.com\\\/wp-content\\\/uploads\\\/2023\\\/07\\\/pexels-kampus-production-7854075.jpg\",\"datePublished\":\"2024-02-15T11:30:27+00:00\",\"breadcrumb\":{\"@id\":\"https:\\\/\\\/abacourses.com\\\/es\\\/producto\\\/error-de-correccion\\\/#breadcrumb\"},\"inLanguage\":\"es\",\"potentialAction\":[{\"@type\":\"ReadAction\",\"target\":[\"https:\\\/\\\/abacourses.com\\\/es\\\/producto\\\/error-de-correccion\\\/\"]}]},{\"@type\":\"ImageObject\",\"inLanguage\":\"es\",\"@id\":\"https:\\\/\\\/abacourses.com\\\/es\\\/producto\\\/error-de-correccion\\\/#primaryimage\",\"url\":\"https:\\\/\\\/abacourses.com\\\/wp-content\\\/uploads\\\/2023\\\/07\\\/pexels-kampus-production-7854075.jpg\",\"contentUrl\":\"https:\\\/\\\/abacourses.com\\\/wp-content\\\/uploads\\\/2023\\\/07\\\/pexels-kampus-production-7854075.jpg\",\"width\":640,\"height\":427,\"caption\":\"social skills\"},{\"@type\":\"BreadcrumbList\",\"@id\":\"https:\\\/\\\/abacourses.com\\\/es\\\/producto\\\/error-de-correccion\\\/#breadcrumb\",\"itemListElement\":[{\"@type\":\"ListItem\",\"position\":1,\"name\":\"Home\",\"item\":\"https:\\\/\\\/abacourses.com\\\/es\\\/\"},{\"@type\":\"ListItem\",\"position\":2,\"name\":\"Comercio\",\"item\":\"https:\\\/\\\/abacourses.com\\\/es\\\/comercio-2\\\/\"},{\"@type\":\"ListItem\",\"position\":3,\"name\":\"Error de correcci\u00f3n\"}]},{\"@type\":\"WebSite\",\"@id\":\"https:\\\/\\\/abacourses.com\\\/#website\",\"url\":\"https:\\\/\\\/abacourses.com\\\/\",\"name\":\"ABA Courses\",\"description\":\"\",\"publisher\":{\"@id\":\"https:\\\/\\\/abacourses.com\\\/#organization\"},\"potentialAction\":[{\"@type\":\"SearchAction\",\"target\":{\"@type\":\"EntryPoint\",\"urlTemplate\":\"https:\\\/\\\/abacourses.com\\\/?s={search_term_string}\"},\"query-input\":{\"@type\":\"PropertyValueSpecification\",\"valueRequired\":true,\"valueName\":\"search_term_string\"}}],\"inLanguage\":\"es\"},{\"@type\":\"Organization\",\"@id\":\"https:\\\/\\\/abacourses.com\\\/#organization\",\"name\":\"ABA courses\",\"url\":\"https:\\\/\\\/abacourses.com\\\/\",\"logo\":{\"@type\":\"ImageObject\",\"inLanguage\":\"es\",\"@id\":\"https:\\\/\\\/abacourses.com\\\/#\\\/schema\\\/logo\\\/image\\\/\",\"url\":\"https:\\\/\\\/abacourses.com\\\/wp-content\\\/uploads\\\/2022\\\/09\\\/Logo_ABA-Courses_square.jpg?time=1704898546\",\"contentUrl\":\"https:\\\/\\\/abacourses.com\\\/wp-content\\\/uploads\\\/2022\\\/09\\\/Logo_ABA-Courses_square.jpg?time=1704898546\",\"width\":300,\"height\":300,\"caption\":\"ABA courses\"},\"image\":{\"@id\":\"https:\\\/\\\/abacourses.com\\\/#\\\/schema\\\/logo\\\/image\\\/\"}}]}<\/script>\n<!-- \/ Yoast SEO plugin. -->","yoast_head_json":{"title":"Error de correcci\u00f3n - ABA Courses","robots":{"index":"index","follow":"follow","max-snippet":"max-snippet:-1","max-image-preview":"max-image-preview:large","max-video-preview":"max-video-preview:-1"},"canonical":"https:\/\/abacourses.com\/es\/producto\/error-de-correccion\/","og_locale":"es_ES","og_type":"article","og_title":"Error de correcci\u00f3n - ABA Courses","og_description":"Una estrategia tan eficaz para estimular y ense\u00f1ar las habilidades. Aprenda c\u00f3mo hacer esto.","og_url":"https:\/\/abacourses.com\/es\/producto\/error-de-correccion\/","og_site_name":"ABA Courses","og_image":[{"width":640,"height":427,"url":"https:\/\/abacourses.com\/wp-content\/uploads\/2023\/07\/pexels-kampus-production-7854075.jpg","type":"image\/jpeg"}],"twitter_card":"summary_large_image","schema":{"@context":"https:\/\/schema.org","@graph":[{"@type":"WebPage","@id":"https:\/\/abacourses.com\/es\/producto\/error-de-correccion\/","url":"https:\/\/abacourses.com\/es\/producto\/error-de-correccion\/","name":"Error de correcci\u00f3n - ABA Courses","isPartOf":{"@id":"https:\/\/abacourses.com\/#website"},"primaryImageOfPage":{"@id":"https:\/\/abacourses.com\/es\/producto\/error-de-correccion\/#primaryimage"},"image":{"@id":"https:\/\/abacourses.com\/es\/producto\/error-de-correccion\/#primaryimage"},"thumbnailUrl":"https:\/\/abacourses.com\/wp-content\/uploads\/2023\/07\/pexels-kampus-production-7854075.jpg","datePublished":"2024-02-15T11:30:27+00:00","breadcrumb":{"@id":"https:\/\/abacourses.com\/es\/producto\/error-de-correccion\/#breadcrumb"},"inLanguage":"es","potentialAction":[{"@type":"ReadAction","target":["https:\/\/abacourses.com\/es\/producto\/error-de-correccion\/"]}]},{"@type":"ImageObject","inLanguage":"es","@id":"https:\/\/abacourses.com\/es\/producto\/error-de-correccion\/#primaryimage","url":"https:\/\/abacourses.com\/wp-content\/uploads\/2023\/07\/pexels-kampus-production-7854075.jpg","contentUrl":"https:\/\/abacourses.com\/wp-content\/uploads\/2023\/07\/pexels-kampus-production-7854075.jpg","width":640,"height":427,"caption":"social skills"},{"@type":"BreadcrumbList","@id":"https:\/\/abacourses.com\/es\/producto\/error-de-correccion\/#breadcrumb","itemListElement":[{"@type":"ListItem","position":1,"name":"Home","item":"https:\/\/abacourses.com\/es\/"},{"@type":"ListItem","position":2,"name":"Comercio","item":"https:\/\/abacourses.com\/es\/comercio-2\/"},{"@type":"ListItem","position":3,"name":"Error de correcci\u00f3n"}]},{"@type":"WebSite","@id":"https:\/\/abacourses.com\/#website","url":"https:\/\/abacourses.com\/","name":"ABA Courses","description":"","publisher":{"@id":"https:\/\/abacourses.com\/#organization"},"potentialAction":[{"@type":"SearchAction","target":{"@type":"EntryPoint","urlTemplate":"https:\/\/abacourses.com\/?s={search_term_string}"},"query-input":{"@type":"PropertyValueSpecification","valueRequired":true,"valueName":"search_term_string"}}],"inLanguage":"es"},{"@type":"Organization","@id":"https:\/\/abacourses.com\/#organization","name":"ABA courses","url":"https:\/\/abacourses.com\/","logo":{"@type":"ImageObject","inLanguage":"es","@id":"https:\/\/abacourses.com\/#\/schema\/logo\/image\/","url":"https:\/\/abacourses.com\/wp-content\/uploads\/2022\/09\/Logo_ABA-Courses_square.jpg?time=1704898546","contentUrl":"https:\/\/abacourses.com\/wp-content\/uploads\/2022\/09\/Logo_ABA-Courses_square.jpg?time=1704898546","width":300,"height":300,"caption":"ABA courses"},"image":{"@id":"https:\/\/abacourses.com\/#\/schema\/logo\/image\/"}}]}},"_links":{"self":[{"href":"https:\/\/abacourses.com\/es\/wp-json\/wp\/v2\/product\/4107","targetHints":{"allow":["GET"]}}],"collection":[{"href":"https:\/\/abacourses.com\/es\/wp-json\/wp\/v2\/product"}],"about":[{"href":"https:\/\/abacourses.com\/es\/wp-json\/wp\/v2\/types\/product"}],"wp:featuredmedia":[{"embeddable":true,"href":"https:\/\/abacourses.com\/es\/wp-json\/wp\/v2\/media\/3564"}],"wp:attachment":[{"href":"https:\/\/abacourses.com\/es\/wp-json\/wp\/v2\/media?parent=4107"}],"wp:term":[{"taxonomy":"product_brand","embeddable":true,"href":"https:\/\/abacourses.com\/es\/wp-json\/wp\/v2\/product_brand?post=4107"},{"taxonomy":"product_cat","embeddable":true,"href":"https:\/\/abacourses.com\/es\/wp-json\/wp\/v2\/product_cat?post=4107"},{"taxonomy":"product_tag","embeddable":true,"href":"https:\/\/abacourses.com\/es\/wp-json\/wp\/v2\/product_tag?post=4107"}],"curies":[{"name":"wp","href":"https:\/\/api.w.org\/{rel}","templated":true}]}}